{"id":45,"date":"2014-04-24T19:17:19","date_gmt":"2014-04-24T19:17:19","guid":{"rendered":"http:\/\/csu-oberschleissheim.com\/OV\/?page_id=45"},"modified":"2020-06-21T10:59:56","modified_gmt":"2020-06-21T10:59:56","slug":"stefanie-haselbeck","status":"publish","type":"page","link":"https:\/\/csu-oberschleissheim.com\/OV\/gemeinderat-2\/stefanie-haselbeck\/","title":{"rendered":"Stefanie Haselbeck"},"content":{"rendered":"<h3 style=\"text-align: center;\"><a href=\"http:\/\/csu-oberschleissheim.com\/OV\/wp-content\/uploads\/2020\/06\/2.jpg\"><img loading=\"lazy\" decoding=\"async\" class=\"alignnone size-medium wp-image-1068\" src=\"http:\/\/csu-oberschleissheim.com\/OV\/wp-content\/uploads\/2020\/06\/2-200x300.jpg\" alt=\"\" width=\"200\" height=\"300\" srcset=\"https:\/\/csu-oberschleissheim.com\/OV\/wp-content\/uploads\/2020\/06\/2-200x300.jpg 200w, https:\/\/csu-oberschleissheim.com\/OV\/wp-content\/uploads\/2020\/06\/2.jpg 571w\" sizes=\"auto, (max-width: 200px) 100vw, 200px\" \/><\/a><\/h3>\n<h3 style=\"text-align: center;\">Gemeinder\u00e4tin und Fraktionssprecherin<\/h3>\n<h3 style=\"text-align: center;\">Stellv. Ortsvorsitzende CSU Ortsverband Oberschlei\u00dfheim<\/h3>\n<h3 style=\"text-align: left;\"><strong><span style=\"text-decoration: underline;\">Gremien:<\/span><\/strong><\/h3>\n<ul>\n<li style=\"text-align: left;\">Finanzausschuss<\/li>\n<li>Hauptausschuss<\/li>\n<\/ul>\n<h3 style=\"text-align: left;\"><strong><span style=\"text-decoration: underline;\">Pers\u00f6nliches:<\/span><\/strong><\/h3>\n<h3>verheiratet, 2 Kinder<\/h3>\n<h3>P\u00e4dagogin M.A.<\/h3>\n<h3>Pfarrgemeinderatsvorsitzende St. Wilhelm OSH<\/h3>\n<h3 style=\"text-align: left;\"><strong><span style=\"text-decoration: underline;\">Kontakt:<\/span><\/strong><\/h3>\n<h3 style=\"text-align: left;\">Email: <a href=\"mailto:stefanie.haselbeck@csu-oberschleissheim.de\">Stefanie.Haselbeck@csu-oberschleissheim.de<\/a><\/h3>\n\n\n<p><\/p>\n","protected":false},"excerpt":{"rendered":"<p>Gemeinder\u00e4tin und Fraktionssprecherin Stellv. Ortsvorsitzende CSU Ortsverband Oberschlei\u00dfheim Gremien: Finanzausschuss Hauptausschuss Pers\u00f6nliches: verheiratet, 2 Kinder P\u00e4dagogin M.A. Pfarrgemeinderatsvorsitzende St. Wilhelm OSH Kontakt: Email: Stefanie.Haselbeck@csu-oberschleissheim.de<\/p>\n","protected":false},"author":5,"featured_media":1068,"parent":27,"menu_order":1,"comment_status":"closed","ping_status":"closed","template":"","meta":{"_exactmetrics_skip_tracking":false,"_exactmetrics_sitenote_active":false,"_exactmetrics_sitenote_note":"","_exactmetrics_sitenote_category":0,"footnotes":""},"class_list":["post-45","page","type-page","status-publish","has-post-thumbnail","hentry","nodate","item-wrap"],"_links":{"self":[{"href":"https:\/\/csu-oberschleissheim.com\/OV\/wp-json\/wp\/v2\/pages\/45","targetHints":{"allow":["GET"]}}],"collection":[{"href":"https:\/\/csu-oberschleissheim.com\/OV\/wp-json\/wp\/v2\/pages"}],"about":[{"href":"https:\/\/csu-oberschleissheim.com\/OV\/wp-json\/wp\/v2\/types\/page"}],"author":[{"embeddable":true,"href":"https:\/\/csu-oberschleissheim.com\/OV\/wp-json\/wp\/v2\/users\/5"}],"replies":[{"embeddable":true,"href":"https:\/\/csu-oberschleissheim.com\/OV\/wp-json\/wp\/v2\/comments?post=45"}],"version-history":[{"count":11,"href":"https:\/\/csu-oberschleissheim.com\/OV\/wp-json\/wp\/v2\/pages\/45\/revisions"}],"predecessor-version":[{"id":1080,"href":"https:\/\/csu-oberschleissheim.com\/OV\/wp-json\/wp\/v2\/pages\/45\/revisions\/1080"}],"up":[{"embeddable":true,"href":"https:\/\/csu-oberschleissheim.com\/OV\/wp-json\/wp\/v2\/pages\/27"}],"wp:featuredmedia":[{"embeddable":true,"href":"https:\/\/csu-oberschleissheim.com\/OV\/wp-json\/wp\/v2\/media\/1068"}],"wp:attachment":[{"href":"https:\/\/csu-oberschleissheim.com\/OV\/wp-json\/wp\/v2\/media?parent=45"}],"curies":[{"name":"wp","href":"https:\/\/api.w.org\/{rel}","templated":true}]}}