{"id":41,"date":"2014-04-24T19:16:40","date_gmt":"2014-04-24T19:16:40","guid":{"rendered":"http:\/\/csu-oberschleissheim.com\/OV\/?page_id=41"},"modified":"2020-06-21T10:58:54","modified_gmt":"2020-06-21T10:58:54","slug":"peter-benthues","status":"publish","type":"page","link":"https:\/\/csu-oberschleissheim.com\/OV\/gemeinderat-2\/peter-benthues\/","title":{"rendered":"Peter Benthues"},"content":{"rendered":"<p><a href=\"http:\/\/csu-oberschleissheim.com\/OV\/wp-content\/uploads\/2020\/06\/9.jpg\"><img loading=\"lazy\" decoding=\"async\" class=\"aligncenter wp-image-1065 size-medium\" src=\"http:\/\/csu-oberschleissheim.com\/OV\/wp-content\/uploads\/2020\/06\/9-200x300.jpg\" alt=\"\" width=\"200\" height=\"300\" srcset=\"https:\/\/csu-oberschleissheim.com\/OV\/wp-content\/uploads\/2020\/06\/9-200x300.jpg 200w, https:\/\/csu-oberschleissheim.com\/OV\/wp-content\/uploads\/2020\/06\/9.jpg 631w\" sizes=\"auto, (max-width: 200px) 100vw, 200px\" \/><\/a><\/p>\n<h3 style=\"text-align: center;\">Gemeinderat<\/h3>\n<h3 style=\"text-align: center;\">Schriftf\u00fchrer CSU Ortsverband Oberschlei\u00dfheim<\/h3>\n<h3 style=\"text-align: left;\"><strong><span style=\"text-decoration: underline;\">Gremien:<\/span><\/strong><\/h3>\n<ul>\n<li style=\"text-align: left;\">Bau- und Werkausschuss<\/li>\n<li>Finanzausschuss<\/li>\n<li>Ferienausschuss<\/li>\n<li>Hauptausschuss<\/li>\n<li>Rechnungspr\u00fcfungsausschuss<\/li>\n<\/ul>\n<p><strong style=\"color: inherit; font-size: 1.56em;\"><span style=\"text-decoration: underline;\">Kontakt:<\/span><\/strong><\/p>\n<h3 style=\"text-align: left;\">Email: <a href=\"mailto:peter.benthues@csu-oberschleissheim.de\">Peter.Benthues@csu-oberschleissheim.de<\/a><\/h3>\n","protected":false},"excerpt":{"rendered":"<p>Gemeinderat Schriftf\u00fchrer CSU Ortsverband Oberschlei\u00dfheim Gremien: Bau- und Werkausschuss Finanzausschuss Ferienausschuss Hauptausschuss Rechnungspr\u00fcfungsausschuss Kontakt: Email: Peter.Benthues@csu-oberschleissheim.de<\/p>\n","protected":false},"author":5,"featured_media":1065,"parent":27,"menu_order":3,"comment_status":"closed","ping_status":"closed","template":"","meta":{"_exactmetrics_skip_tracking":false,"_exactmetrics_sitenote_active":false,"_exactmetrics_sitenote_note":"","_exactmetrics_sitenote_category":0,"footnotes":""},"class_list":["post-41","page","type-page","status-publish","has-post-thumbnail","hentry","nodate","item-wrap"],"_links":{"self":[{"href":"https:\/\/csu-oberschleissheim.com\/OV\/wp-json\/wp\/v2\/pages\/41","targetHints":{"allow":["GET"]}}],"collection":[{"href":"https:\/\/csu-oberschleissheim.com\/OV\/wp-json\/wp\/v2\/pages"}],"about":[{"href":"https:\/\/csu-oberschleissheim.com\/OV\/wp-json\/wp\/v2\/types\/page"}],"author":[{"embeddable":true,"href":"https:\/\/csu-oberschleissheim.com\/OV\/wp-json\/wp\/v2\/users\/5"}],"replies":[{"embeddable":true,"href":"https:\/\/csu-oberschleissheim.com\/OV\/wp-json\/wp\/v2\/comments?post=41"}],"version-history":[{"count":9,"href":"https:\/\/csu-oberschleissheim.com\/OV\/wp-json\/wp\/v2\/pages\/41\/revisions"}],"predecessor-version":[{"id":1087,"href":"https:\/\/csu-oberschleissheim.com\/OV\/wp-json\/wp\/v2\/pages\/41\/revisions\/1087"}],"up":[{"embeddable":true,"href":"https:\/\/csu-oberschleissheim.com\/OV\/wp-json\/wp\/v2\/pages\/27"}],"wp:featuredmedia":[{"embeddable":true,"href":"https:\/\/csu-oberschleissheim.com\/OV\/wp-json\/wp\/v2\/media\/1065"}],"wp:attachment":[{"href":"https:\/\/csu-oberschleissheim.com\/OV\/wp-json\/wp\/v2\/media?parent=41"}],"curies":[{"name":"wp","href":"https:\/\/api.w.org\/{rel}","templated":true}]}}