{"id":408,"date":"2015-09-17T15:03:00","date_gmt":"2015-09-17T15:03:00","guid":{"rendered":"http:\/\/csu-oberschleissheim.com\/OV\/?page_id=408"},"modified":"2020-12-23T21:05:29","modified_gmt":"2020-12-23T21:05:29","slug":"oberschleissheim-aktuell","status":"publish","type":"page","link":"https:\/\/csu-oberschleissheim.com\/OV\/oberschleissheim-aktuell\/","title":{"rendered":"Oberschlei\u00dfheim aktuell"},"content":{"rendered":"\n<p>Wir haben Ihnen im Oktober mitgeteilt, dass wir uns mit einem neuen Konzept der Oberschlei\u00dfheim aktuell besch\u00e4ftigen und schon ganz gespannt drauf sind, mit der Weihnachtsausgabe 2020 an den Start zu gehen. Wie sooft in diesem Jahr, hat die Pandemie aber auch darauf keine R\u00fccksicht genommen und mit der zweiten Welle die Zahlen des Lockdowns im M\u00e4rz weit \u00fcbertroffen. Bereits im Fr\u00fchjahr haben wir auf eine Verteilung der Zeitung verzichtet, um die Gesundheit unserer Austr\u00e4ger nicht zu gef\u00e4hrden. So ist es unserer Meinung nach nur konsequent, jetzt ebenso zu verfahren. Da wir aber bereits konzeptionell gearbeitet haben und auch gespannt darauf sind, welche R\u00fcckmeldungen von Ihnen kommen, haben wir uns f\u00fcr eine Online-Ausgabe entschieden, die sie als PDF Dokument herunterladen k\u00f6nnen.<\/p>\n\n\n\n<div class=\"wp-block-file aligncenter\"><a href=\"http:\/\/csu-oberschleissheim.com\/OV\/wp-content\/uploads\/2020\/12\/Neue-OSH-Aktuell-Dezember-2020.pdf\" target=\"_blank\" rel=\"noreferrer noopener\">Neue-OSH-Aktuell-Dezember-2020<\/a><a href=\"http:\/\/csu-oberschleissheim.com\/OV\/wp-content\/uploads\/2020\/12\/Neue-OSH-Aktuell-Dezember-2020.pdf\" class=\"wp-block-file__button\" download>Herunterladen<\/a><\/div>\n\n\n\n<div class=\"wp-block-image\"><figure class=\"aligncenter size-large\"><img loading=\"lazy\" decoding=\"async\" width=\"446\" height=\"635\" src=\"http:\/\/csu-oberschleissheim.com\/OV\/wp-content\/uploads\/2020\/12\/image.png\" alt=\"\" class=\"wp-image-1142\" srcset=\"https:\/\/csu-oberschleissheim.com\/OV\/wp-content\/uploads\/2020\/12\/image.png 446w, https:\/\/csu-oberschleissheim.com\/OV\/wp-content\/uploads\/2020\/12\/image-211x300.png 211w\" sizes=\"auto, (max-width: 446px) 100vw, 446px\" \/><\/figure><\/div>\n\n\n\n<p>Wir wollen Sie \u00fcber unsere Aktivit\u00e4ten regelm\u00e4ssig informieren. Dazu k\u00f6nnen Sie sich ganz einfach f\u00fcr unseren Newsletter registrieren. <\/p>\n\n\n\n<script>(function() {\n\twindow.mc4wp = window.mc4wp || {\n\t\tlisteners: [],\n\t\tforms: {\n\t\t\ton: function(evt, cb) {\n\t\t\t\twindow.mc4wp.listeners.push(\n\t\t\t\t\t{\n\t\t\t\t\t\tevent   : evt,\n\t\t\t\t\t\tcallback: cb\n\t\t\t\t\t}\n\t\t\t\t);\n\t\t\t}\n\t\t}\n\t}\n})();\n<\/script><!-- Mailchimp for WordPress v4.9.21 - https:\/\/wordpress.org\/plugins\/mailchimp-for-wp\/ --><form id=\"mc4wp-form-1\" class=\"mc4wp-form mc4wp-form-1119\" method=\"post\" data-id=\"1119\" data-name=\"CSU Ortsverband Oberschlei\u00dfheim Newsletter\" ><div class=\"mc4wp-form-fields\"><p>\r\n    <label>Zum Newsletter<\/label>\r\n    <label>\r\n        <input name=\"_mc4wp_action\" type=\"radio\" value=\"subscribe\" required=\"\"\r\n        checked=\"true\"> <span>Anmelden<\/span>\r\n    <\/label>\r\n    <label>\r\n        <input name=\"_mc4wp_action\" type=\"radio\" value=\"unsubscribe\" required=\"\"> <span>Abmelden<\/span>\r\n    <\/label>\r\n<\/p>\r\n<p>\r\n    <label>Vorname<\/label>\r\n    <input type=\"text\" name=\"FNAME\">\r\n<\/p>\r\n<p>\r\n    <label>Nachname<\/label>\r\n    <input type=\"text\" name=\"LNAME\">\r\n<\/p>\r\n<p>\r\n    <label>E-Mail-Adresse<\/label>\r\n    <input type=\"email\" name=\"EMAIL\" placeholder=\"Deine e-mail-Adresse\"\r\n    required=\"\">\r\n<\/p>\r\n<p>\r\n    <input type=\"submit\" value=\"Absenden\">\r\n<\/p>\r\n<\/div><label style=\"display: none !important;\">Wenn du ein Mensch bist, lasse das Feld leer: <input type=\"text\" name=\"_mc4wp_honeypot\" value=\"\" tabindex=\"-1\" autocomplete=\"off\" \/><\/label><input type=\"hidden\" name=\"_mc4wp_timestamp\" value=\"1776019037\" \/><input type=\"hidden\" name=\"_mc4wp_form_id\" value=\"1119\" \/><input type=\"hidden\" name=\"_mc4wp_form_element_id\" value=\"mc4wp-form-1\" \/><div class=\"mc4wp-response\"><\/div><\/form><!-- \/ Mailchimp for WordPress Plugin -->\n\n\n<p><\/p>\n<p>Hier finden Sie alle Ausgaben der &#8222;Oberschlei\u00dfheim aktuell&#8220; zum Download<\/p>\n<p><a href=\"http:\/\/aktuell.csu-oberschleissheim.de\/OSH_0219_internet.pdf\" target=\"_blank\" rel=\"noopener noreferrer\">Oberschlei\u00dfheim Aktuell Dezember 2019<\/a><\/p>\n<p><a href=\"http:\/\/aktuell.csu-oberschleissheim.de\/OSH_0119_internet.pdf\" target=\"_blank\" rel=\"noopener noreferrer\">Oberschlei\u00dfheim Aktuell April 2019<\/a><\/p>\n<p><a href=\"http:\/\/aktuell.csu-oberschleissheim.de\/OSH_0318_internet.pdf\">Oberschlei\u00dfheim Aktuell Dezember 2018<\/a><\/p>\n<p><a href=\"http:\/\/aktuell.csu-oberschleissheim.de\/OSH_0218_internet.pdf\">Oberschlei\u00dfheim Aktuell September 2018<\/a><\/p>\n<p><a href=\"http:\/\/aktuell.csu-oberschleissheim.de\/OSH_0118_internet.pdf\">Oberschlei\u00dfheim Aktuell April 2018<\/a><\/p>\n<p><a href=\"http:\/\/aktuell.csu-oberschleissheim.de\/OSH_0118_internet.pdf\">Oberschlei\u00dfheim Aktuell Dezember 2017<\/a><\/p>\n<p><a href=\"http:\/\/aktuell.csu-oberschleissheim.de\/OSH_0217_internet.pdf\" target=\"_blank\" rel=\"noopener noreferrer\">Oberschlei\u00dfheim Aktuell September 2017<\/a><\/p>\n<p><a href=\"http:\/\/aktuell.csu-oberschleissheim.de\/OSH_0117_internet.pdf\" target=\"_blank\" rel=\"noopener noreferrer\">Oberschlei\u00dfheim Aktuell April 2017<\/a><\/p>\n<p><a href=\"http:\/\/aktuell.csu-oberschleissheim.de\/OSH_0316_internet.pdf\">Oberschlei\u00dfheim Aktuell Dezember 2016<\/a><\/p>\n<p><a href=\"http:\/\/aktuell.csu-oberschleissheim.de\/OSH_0216_Jubilaeum.pdf\">Oberschlei\u00dfheim Aktuell Sonderteil 70 Jahre Ortsverband<\/a><\/p>\n<p style=\"text-align: left;\"><a href=\"http:\/\/aktuell.csu-oberschleissheim.de\/OSH_0216_internet.pdf\">Oberschlei\u00dfheim Aktuell September 2016<\/a><\/p>\n<p><a href=\"http:\/\/aktuell.csu-oberschleissheim.de\/OSH_0116_internet.pdf\" target=\"_blank\" rel=\"noopener noreferrer\">Oberschlei\u00dfheim Aktuell April 2016<br><\/a><a href=\"http:\/\/aktuell.csu-oberschleissheim.de\/OSH_0315_internet.pdf\" target=\"_blank\" rel=\"noopener noreferrer\">Oberschlei\u00dfheim Aktuell Dezember 2015<br><\/a><a href=\"http:\/\/aktuell.csu-oberschleissheim.de\/OSH_0215_internet.pdf\" target=\"_blank\" rel=\"noopener noreferrer\">Oberschlei\u00dfheim Aktuell September 2015<\/a><br><a href=\"http:\/\/aktuell.csu-oberschleissheim.de\/OSH_0115_internet.pdf\" target=\"_blank\" rel=\"noopener noreferrer\">Oberschlei\u00dfheim Aktuell April 2015<\/a><br><a href=\"http:\/\/aktuell.csu-oberschleissheim.de\/oberschleissheim_2014_3_internet.pdf\" target=\"_blank\" rel=\"noopener noreferrer\">Oberschlei\u00dfheim Aktuell Dezember 2014<\/a><br><a href=\"http:\/\/aktuell.csu-oberschleissheim.de\/oberschleissheim_2014_2_internet.pdf\" target=\"_blank\" rel=\"noopener noreferrer\">Oberschlei\u00dfheim Aktuell September 2014<\/a><br><a href=\"http:\/\/aktuell.csu-oberschleissheim.de\/oberschleissheim_2014_1_internet.pdf\" target=\"_blank\" rel=\"noopener noreferrer\">Oberschlei\u00dfheim Aktuell April 2014<\/a><br><a href=\"http:\/\/aktuell.csu-oberschleissheim.de\/oberschleissheim_2013_3_internet.pdf\" target=\"_blank\" rel=\"noopener noreferrer\">Oberschlei\u00dfheim Aktuell Dezember 2013<\/a><br><a href=\"http:\/\/aktuell.csu-oberschleissheim.de\/oberschleissheim_2013_2_internet.pdf\" target=\"_blank\" rel=\"noopener noreferrer\">Oberschlei\u00dfheim Aktuell September 2013<\/a><br><a href=\"http:\/\/aktuell.csu-oberschleissheim.de\/oberschleissheim_2013_1_internet.pdf\" target=\"_blank\" rel=\"noopener noreferrer\">Oberschlei\u00dfheim Aktuell April 2013<\/a><br><a href=\"http:\/\/aktuell.csu-oberschleissheim.de\/oberschleissheim_2012_1_internet.pdf\" target=\"_blank\" rel=\"noopener noreferrer\">Oberschlei\u00dfheim Aktuell Dezember 2012<\/a><br><a href=\"http:\/\/aktuell.csu-oberschleissheim.de\/oberschleissheim_2012_2_internet.pdf\" target=\"_blank\" rel=\"noopener noreferrer\">Oberschlei\u00dfheim Aktuell September 2012<\/a><br><a href=\"http:\/\/aktuell.csu-oberschleissheim.de\/oberschleissheim_2012_1_internet.pdf\" target=\"_blank\" rel=\"noopener noreferrer\">Oberschlei\u00dfheim Aktuell April 2012<\/a><br><a href=\"http:\/\/aktuell.csu-oberschleissheim.de\/oberschleissheim_2011_3_internet.pdf\" target=\"_blank\" rel=\"noopener noreferrer\">Oberschlei\u00dfheim Aktuell Dezember 2011<\/a><br><a href=\"http:\/\/aktuell.csu-oberschleissheim.de\/oberschleissheim_2011_2_internet.pdf\" target=\"_blank\" rel=\"noopener noreferrer\">Oberschlei\u00dfheim Aktuell September 2011<\/a><br><a href=\"http:\/\/aktuell.csu-oberschleissheim.de\/oberschleissheim_2011_1_internet.pdf\" target=\"_blank\" rel=\"noopener noreferrer\">Oberschlei\u00dfheim Aktuell April 2011<\/a><\/p>","protected":false},"excerpt":{"rendered":"<p>Wir haben Ihnen im Oktober mitgeteilt, dass wir uns mit einem neuen Konzept der Oberschlei\u00dfheim aktuell besch\u00e4ftigen und schon ganz gespannt drauf sind, mit der Weihnachtsausgabe 2020 an den Start zu gehen. Wie sooft in diesem Jahr, hat die Pandemie aber auch darauf keine R\u00fccksicht genommen und mit der zweiten Welle die Zahlen des Lockdowns &hellip; <\/p>\n<p><a class=\"more-link btn\" href=\"https:\/\/csu-oberschleissheim.com\/OV\/oberschleissheim-aktuell\/\">Weiterlesen<\/a><\/p>\n","protected":false},"author":5,"featured_media":0,"parent":0,"menu_order":0,"comment_status":"closed","ping_status":"closed","template":"","meta":{"_exactmetrics_skip_tracking":false,"_exactmetrics_sitenote_active":false,"_exactmetrics_sitenote_note":"","_exactmetrics_sitenote_category":0,"footnotes":""},"class_list":["post-408","page","type-page","status-publish","hentry","nodate","item-wrap"],"_links":{"self":[{"href":"https:\/\/csu-oberschleissheim.com\/OV\/wp-json\/wp\/v2\/pages\/408","targetHints":{"allow":["GET"]}}],"collection":[{"href":"https:\/\/csu-oberschleissheim.com\/OV\/wp-json\/wp\/v2\/pages"}],"about":[{"href":"https:\/\/csu-oberschleissheim.com\/OV\/wp-json\/wp\/v2\/types\/page"}],"author":[{"embeddable":true,"href":"https:\/\/csu-oberschleissheim.com\/OV\/wp-json\/wp\/v2\/users\/5"}],"replies":[{"embeddable":true,"href":"https:\/\/csu-oberschleissheim.com\/OV\/wp-json\/wp\/v2\/comments?post=408"}],"version-history":[{"count":33,"href":"https:\/\/csu-oberschleissheim.com\/OV\/wp-json\/wp\/v2\/pages\/408\/revisions"}],"predecessor-version":[{"id":1146,"href":"https:\/\/csu-oberschleissheim.com\/OV\/wp-json\/wp\/v2\/pages\/408\/revisions\/1146"}],"wp:attachment":[{"href":"https:\/\/csu-oberschleissheim.com\/OV\/wp-json\/wp\/v2\/media?parent=408"}],"curies":[{"name":"wp","href":"https:\/\/api.w.org\/{rel}","templated":true}]}}