{"id":36,"date":"2014-04-24T19:16:07","date_gmt":"2014-04-24T19:16:07","guid":{"rendered":"http:\/\/csu-oberschleissheim.com\/OV\/?page_id=36"},"modified":"2020-06-21T10:55:47","modified_gmt":"2020-06-21T10:55:47","slug":"angelika-kuhlewein","status":"publish","type":"page","link":"https:\/\/csu-oberschleissheim.com\/OV\/gemeinderat-2\/angelika-kuhlewein\/","title":{"rendered":"Angelika K\u00fchlewein"},"content":{"rendered":"<p><a href=\"http:\/\/csu-oberschleissheim.com\/OV\/wp-content\/uploads\/2020\/06\/1.jpg\"><img loading=\"lazy\" decoding=\"async\" class=\"aligncenter wp-image-1063 size-medium\" src=\"http:\/\/csu-oberschleissheim.com\/OV\/wp-content\/uploads\/2020\/06\/1-200x300.jpg\" alt=\"\" width=\"200\" height=\"300\" srcset=\"https:\/\/csu-oberschleissheim.com\/OV\/wp-content\/uploads\/2020\/06\/1-200x300.jpg 200w, https:\/\/csu-oberschleissheim.com\/OV\/wp-content\/uploads\/2020\/06\/1.jpg 667w\" sizes=\"auto, (max-width: 200px) 100vw, 200px\" \/><\/a><\/p>\n<h3 style=\"text-align: center;\">Gemeinder\u00e4tin<\/h3>\n<h3 style=\"text-align: center;\">Vorsitzende CSU-Ortsverband Oberschlei\u00dfheim<\/h3>\n<h3><strong><span style=\"text-decoration: underline;\">Gremien:<\/span><\/strong><\/h3>\n<ul>\n<li>Bau- und Werkausschuss<\/li>\n<li>Finanzausschuss<\/li>\n<li>Umwelt- und Verkehrsausschuss<\/li>\n<li>Ferienausschuss<\/li>\n<\/ul>\n<h3><strong><span style=\"text-decoration: underline;\">Pers\u00f6nliches:<\/span><\/strong><\/h3>\n<h3>verheiratet, 2 Kinder<\/h3>\n<h3>Chemikerin und Coach f\u00fcr Werteorientierung, Betreuung &amp; Beratung<\/h3>\n<h3><strong><span style=\"text-decoration: underline;\">Kontakt:<\/span><\/strong><\/h3>\n<h3>Email: <a href=\"mailto:\/\/angelika.kuehlewein@csu-oberschleissheim.de\">angelika.kuehlewein@csu-oberschleissheim.de<\/a><\/h3>\n<h3><\/h3>\n<p style=\"text-align: center;\">\n","protected":false},"excerpt":{"rendered":"<p>Gemeinder\u00e4tin Vorsitzende CSU-Ortsverband Oberschlei\u00dfheim Gremien: Bau- und Werkausschuss Finanzausschuss Umwelt- und Verkehrsausschuss Ferienausschuss Pers\u00f6nliches: verheiratet, 2 Kinder Chemikerin und Coach f\u00fcr Werteorientierung, Betreuung &amp; Beratung Kontakt: Email: angelika.kuehlewein@csu-oberschleissheim.de<\/p>\n","protected":false},"author":5,"featured_media":1063,"parent":27,"menu_order":3,"comment_status":"closed","ping_status":"closed","template":"","meta":{"_exactmetrics_skip_tracking":false,"_exactmetrics_sitenote_active":false,"_exactmetrics_sitenote_note":"","_exactmetrics_sitenote_category":0,"footnotes":""},"class_list":["post-36","page","type-page","status-publish","has-post-thumbnail","hentry","nodate","item-wrap"],"_links":{"self":[{"href":"https:\/\/csu-oberschleissheim.com\/OV\/wp-json\/wp\/v2\/pages\/36","targetHints":{"allow":["GET"]}}],"collection":[{"href":"https:\/\/csu-oberschleissheim.com\/OV\/wp-json\/wp\/v2\/pages"}],"about":[{"href":"https:\/\/csu-oberschleissheim.com\/OV\/wp-json\/wp\/v2\/types\/page"}],"author":[{"embeddable":true,"href":"https:\/\/csu-oberschleissheim.com\/OV\/wp-json\/wp\/v2\/users\/5"}],"replies":[{"embeddable":true,"href":"https:\/\/csu-oberschleissheim.com\/OV\/wp-json\/wp\/v2\/comments?post=36"}],"version-history":[{"count":13,"href":"https:\/\/csu-oberschleissheim.com\/OV\/wp-json\/wp\/v2\/pages\/36\/revisions"}],"predecessor-version":[{"id":1079,"href":"https:\/\/csu-oberschleissheim.com\/OV\/wp-json\/wp\/v2\/pages\/36\/revisions\/1079"}],"up":[{"embeddable":true,"href":"https:\/\/csu-oberschleissheim.com\/OV\/wp-json\/wp\/v2\/pages\/27"}],"wp:featuredmedia":[{"embeddable":true,"href":"https:\/\/csu-oberschleissheim.com\/OV\/wp-json\/wp\/v2\/media\/1063"}],"wp:attachment":[{"href":"https:\/\/csu-oberschleissheim.com\/OV\/wp-json\/wp\/v2\/media?parent=36"}],"curies":[{"name":"wp","href":"https:\/\/api.w.org\/{rel}","templated":true}]}}