{"id":31,"date":"2014-04-24T18:58:50","date_gmt":"2014-04-24T18:58:50","guid":{"rendered":"http:\/\/csu-oberschleissheim.com\/OV\/?page_id=31"},"modified":"2024-01-31T17:24:23","modified_gmt":"2024-01-31T17:24:23","slug":"impressum-2","status":"publish","type":"page","link":"https:\/\/csu-oberschleissheim.com\/OV\/impressum-2\/","title":{"rendered":"Impressum"},"content":{"rendered":"<p><strong>Veranstalter<\/strong><\/p>\n<address><abbr title=\"Christlich-Soziale Union in Bayern e. V.\">CSU<\/abbr>\u00a0Ortsverband Oberschlei\u00dfheim<br \/>\nStefanie Haselbeck<br \/>\nFeierabendstr. 36<br \/>\n85764 Oberschlei\u00dfheim<\/address>\n<address>Der CSU Ortsverband Oberschlei\u00dfheim ist eine Untergliederung der CSU in Bayern e.V.,\u00a0<a href=\"https:\/\/maps.google.com\/?q=Mies-van-der-Rohe-Stra%C3%9Fe+1,+80807+M%C3%BCnchen&amp;entry=gmail&amp;source=g\">Mies-van-der-Rohe-Stra\u00dfe 1, 80807 M\u00fcnchen, <\/a><span style=\"font-size: revert;\">Hauptgesch\u00e4ftsf\u00fchrer Tobias Schmid<\/span><\/address>\n<address><strong>Verantwortlich f\u00fcr den Inhalt dieser Internetpr\u00e4senz<\/strong><\/address>\n<address>Stefanie Haselbeck<br \/>\nFeierabenstr. 36<br \/>\n85764 Oberschlei\u00dfheim<\/address>\n<p><strong>Hinweise zum Datenschutz<\/strong><\/p>\n<h5 style=\"font: 14px\/normal 'Pontano Sans', arial, sans-serif; margin: 20px 0px 5px; padding: 0px; border: 0px currentColor; color: #333333;\">Erhebung und Verarbeitung personenbezogener Daten<\/h5>\n<p style=\"margin: 10px 0px 0px; padding: 0px; border: 0px currentColor;\">Bei der Nutzung unserer Onlinedienste werden Sie eventuell um die Angabe pers\u00f6nlicher Informationen gebeten. Die Beantwortung dieser Fragen ist freiwillig. Manche Dienste (wie beispielsweise die Kartenreservierung zu unseren Veranstaltungen) k\u00f6nnen nur genutzt werden, wenn Sie uns pers\u00f6nliche Daten \u00fcbermitteln. Sofern Sie pers\u00f6nliche Daten, wie Ihren Namen, Ihre E-Mailadresse oder andere Kontaktdaten beispielsweise in einem Kontaktformular an uns \u00fcbermitteln, versichern wir, dass wir diese nur entsprechend den geltenden Datenschutzbestimmungen speichern und verarbeiten werden. Ihre Daten werden nicht an Dritte weitergegeben und grunds\u00e4tzlich nur zum Zwecke der individuellen Kommunikation mit Ihnen, beispielsweise zur Bearbeitung Ihrer Anfragen, genutzt.<\/p>\n<p>Details zum Thema Datenschutz sowie der Erhebung, Verarbeitung und Nutzung personenbezogener Daten entnehmen sie bitte der\u00a0<a href=\"http:\/\/csu-oberschleissheim.com\/OV\/?page_id=776\" target=\"_blank\" rel=\"noopener\">Datenschutzerkl\u00e4rung<\/a>.<\/p>\n<h5 style=\"font: 14px\/normal 'Pontano Sans', arial, sans-serif; margin: 20px 0px 5px; padding: 0px; border: 0px currentColor; color: #333333;\">Urheberrechte<\/h5>\n<p style=\"margin: 10px 0px 0px; padding: 0px; border: 0px currentColor;\">Copyright\u00a0<acronym title=\"Christlich-Soziale Union\">CSU<\/acronym>. Alle Rechte vorbehalten. Text, Bilder, Grafiken, Sound, Animationen und Videos sowie deren Anordnung auf der CSU Website unterliegen dem Schutz des Urheberrechts und anderer Schutzgesetze.<\/p>\n<p style=\"margin: 10px 0px 0px; padding: 0px; border: 0px currentColor;\">Der Inhalt dieser Website darf nicht zu kommerziellen Zwecken kopiert, verbreitet, ver\u00e4ndert oder Dritten zug\u00e4nglich gemacht werden. Wir weisen daraufhin, dass auf den Websites enthaltene Bilder teilweise dem Urheberrecht Dritter unterliegen.<\/p>\n<p>Markenzeichen<\/p>\n<p style=\"margin: 10px 0px 0px; padding: 0px; border: 0px currentColor;\">Soweit nicht anders angegeben, sind alle Markenzeichen auf dieser Website markenrechtlich zugunsten der CSU gesch\u00fctzt. Dies gilt insbesondere f\u00fcr Marken, Typenbezeichnungen, Logos und Embleme.<\/p>\n<p>Haftung<\/p>\n<p style=\"margin: 10px 0px 0px; padding: 0px; border: 0px currentColor;\">Diese Website wurde mit gr\u00f6\u00dftm\u00f6glicher Sorgfalt zusammengestellt. Trotzdem kann keine Gew\u00e4hr f\u00fcr die Fehlerfreiheit und Genauigkeit der enthaltenen Informationen \u00fcbernommen werden. Jegliche Haftung f\u00fcr Sch\u00e4den, die direkt oder indirekt aus der Benutzung dieser Website entstehen, wird ausgeschlossen, soweit diese nicht auf Vorsatz oder grober Fahrl\u00e4ssigkeit beruhen.<\/p>\n<p style=\"margin: 10px 0px 0px; padding: 0px; border: 0px currentColor;\">Sofern von dieser Website auf Internetseiten verwiesen wird, die von Dritten betrieben werden, \u00fcbernimmt die CSU keine Verantwortung f\u00fcr deren Inhalte.<\/p>\n<p>Lizenz<\/p>\n<p style=\"margin: 10px 0px 0px; padding: 0px; border: 0px currentColor;\">Die CSU m\u00f6chte sich Ihnen mit einer innovativen und informativen Website pr\u00e4sentieren. Das darin enthaltene geistige Eigentum wie Patente, Marken und Urheberrechte ist gesch\u00fctzt. Durch diese Website wird keine Lizenz zur Nutzung des geistigen Eigentums der CSU erteilt, soweit dies nicht ausdr\u00fccklich so vorgesehen ist.<\/p>\n","protected":false},"excerpt":{"rendered":"<p>Veranstalter CSU\u00a0Ortsverband Oberschlei\u00dfheim Stefanie Haselbeck Feierabendstr. 36 85764 Oberschlei\u00dfheim Der CSU Ortsverband Oberschlei\u00dfheim ist eine Untergliederung der CSU in Bayern e.V.,\u00a0Mies-van-der-Rohe-Stra\u00dfe 1, 80807 M\u00fcnchen, Hauptgesch\u00e4ftsf\u00fchrer Tobias Schmid Verantwortlich f\u00fcr den Inhalt dieser Internetpr\u00e4senz Stefanie Haselbeck Feierabenstr. 36 85764 Oberschlei\u00dfheim Hinweise zum Datenschutz Erhebung und Verarbeitung personenbezogener Daten Bei der Nutzung unserer Onlinedienste werden Sie eventuell &hellip; <\/p>\n<p><a class=\"more-link btn\" href=\"https:\/\/csu-oberschleissheim.com\/OV\/impressum-2\/\">Weiterlesen<\/a><\/p>\n","protected":false},"author":5,"featured_media":0,"parent":0,"menu_order":20,"comment_status":"closed","ping_status":"closed","template":"","meta":{"_exactmetrics_skip_tracking":false,"_exactmetrics_sitenote_active":false,"_exactmetrics_sitenote_note":"","_exactmetrics_sitenote_category":0,"footnotes":""},"class_list":["post-31","page","type-page","status-publish","hentry","nodate","item-wrap"],"_links":{"self":[{"href":"https:\/\/csu-oberschleissheim.com\/OV\/wp-json\/wp\/v2\/pages\/31","targetHints":{"allow":["GET"]}}],"collection":[{"href":"https:\/\/csu-oberschleissheim.com\/OV\/wp-json\/wp\/v2\/pages"}],"about":[{"href":"https:\/\/csu-oberschleissheim.com\/OV\/wp-json\/wp\/v2\/types\/page"}],"author":[{"embeddable":true,"href":"https:\/\/csu-oberschleissheim.com\/OV\/wp-json\/wp\/v2\/users\/5"}],"replies":[{"embeddable":true,"href":"https:\/\/csu-oberschleissheim.com\/OV\/wp-json\/wp\/v2\/comments?post=31"}],"version-history":[{"count":5,"href":"https:\/\/csu-oberschleissheim.com\/OV\/wp-json\/wp\/v2\/pages\/31\/revisions"}],"predecessor-version":[{"id":1207,"href":"https:\/\/csu-oberschleissheim.com\/OV\/wp-json\/wp\/v2\/pages\/31\/revisions\/1207"}],"wp:attachment":[{"href":"https:\/\/csu-oberschleissheim.com\/OV\/wp-json\/wp\/v2\/media?parent=31"}],"curies":[{"name":"wp","href":"https:\/\/api.w.org\/{rel}","templated":true}]}}