{"id":29,"date":"2014-04-24T18:58:07","date_gmt":"2014-04-24T18:58:07","guid":{"rendered":"http:\/\/csu-oberschleissheim.com\/OV\/?page_id=29"},"modified":"2022-03-31T18:56:43","modified_gmt":"2022-03-31T18:56:43","slug":"vorstand-2","status":"publish","type":"page","link":"https:\/\/csu-oberschleissheim.com\/OV\/vorstand-2\/","title":{"rendered":"Vorstand"},"content":{"rendered":"<p>Den aktuellen Ortsvorstand bilden:<\/p>\n<ul>\n<li>Erster B\u00fcrgermeister Markus B\u00f6ck (1. Vorsitzende)<\/li>\n<li>Stefanie Haselbeck (Stellv. Vorsitzende)<\/li>\n<li>Katharina Hagl (Stellv. Vorsitzende)<\/li>\n<li>Dr. Angelika K\u00fchlewein (Schatzmeisterin)<\/li>\n<li>Brian Sitzberger (Digitalbeauftragter)<\/li>\n<li>Peter Benthues (Schriftf\u00fchrer)<\/li>\n<li>Manfred Brunner (Kassenpr\u00fcfer)<\/li>\n<li>Elisabeth Tutter (Kassenpr\u00fcferin)<\/li>\n<\/ul>\n","protected":false},"excerpt":{"rendered":"<p>Den aktuellen Ortsvorstand bilden: Erster B\u00fcrgermeister Markus B\u00f6ck (1. Vorsitzende) Stefanie Haselbeck (Stellv. Vorsitzende) Katharina Hagl (Stellv. Vorsitzende) Dr. Angelika K\u00fchlewein (Schatzmeisterin) Brian Sitzberger (Digitalbeauftragter) Peter Benthues (Schriftf\u00fchrer) Manfred Brunner (Kassenpr\u00fcfer) Elisabeth Tutter (Kassenpr\u00fcferin)<\/p>\n","protected":false},"author":5,"featured_media":0,"parent":0,"menu_order":10,"comment_status":"closed","ping_status":"closed","template":"","meta":{"_exactmetrics_skip_tracking":false,"_exactmetrics_sitenote_active":false,"_exactmetrics_sitenote_note":"","_exactmetrics_sitenote_category":0,"footnotes":""},"class_list":["post-29","page","type-page","status-publish","hentry","nodate","item-wrap"],"_links":{"self":[{"href":"https:\/\/csu-oberschleissheim.com\/OV\/wp-json\/wp\/v2\/pages\/29","targetHints":{"allow":["GET"]}}],"collection":[{"href":"https:\/\/csu-oberschleissheim.com\/OV\/wp-json\/wp\/v2\/pages"}],"about":[{"href":"https:\/\/csu-oberschleissheim.com\/OV\/wp-json\/wp\/v2\/types\/page"}],"author":[{"embeddable":true,"href":"https:\/\/csu-oberschleissheim.com\/OV\/wp-json\/wp\/v2\/users\/5"}],"replies":[{"embeddable":true,"href":"https:\/\/csu-oberschleissheim.com\/OV\/wp-json\/wp\/v2\/comments?post=29"}],"version-history":[{"count":4,"href":"https:\/\/csu-oberschleissheim.com\/OV\/wp-json\/wp\/v2\/pages\/29\/revisions"}],"predecessor-version":[{"id":1183,"href":"https:\/\/csu-oberschleissheim.com\/OV\/wp-json\/wp\/v2\/pages\/29\/revisions\/1183"}],"wp:attachment":[{"href":"https:\/\/csu-oberschleissheim.com\/OV\/wp-json\/wp\/v2\/media?parent=29"}],"curies":[{"name":"wp","href":"https:\/\/api.w.org\/{rel}","templated":true}]}}