{"id":25,"date":"2014-04-24T18:57:50","date_gmt":"2014-04-24T18:57:50","guid":{"rendered":"http:\/\/csu-oberschleissheim.com\/OV\/?page_id=25"},"modified":"2021-09-10T18:37:30","modified_gmt":"2021-09-10T18:37:30","slug":"uber-uns","status":"publish","type":"page","link":"https:\/\/csu-oberschleissheim.com\/OV\/uber-uns\/","title":{"rendered":"\u00dcber uns"},"content":{"rendered":"\n<h2 class=\"wp-block-heading\"><strong>Herzlich Willkommen bei der CSU Oberschlei\u00dfheim<\/strong><\/h2>\n\n\n<p style=\"text-align: center;\"><strong><span style=\"color: #0080c8;\"><span style=\"color: #000000;\">Sch\u00f6n, dass Sie bei uns vorbeischauen!<\/span><\/span><\/strong><\/p>\n<p style=\"text-align: justify;\"><span style=\"color: #000000;\">Wir geben Ihnen an dieser Stelle einen kleinen Einblick in unsere Arbeit und die verschiedenen Aufgaben des CSU-Ortsverbandes Oberschlei\u00dfheim.<\/span><\/p>\n<p style=\"text-align: justify;\"><span style=\"color: #000000;\">Sie erfahren hier, wie wir organisiert sind, welche Ziele wir verfolgen und nat\u00fcrlich auch Berichte \u00fcber Versammlungen, Aktionen, Veranstaltungen uvm.<\/span><\/p>\n<p style=\"text-align: justify;\"><span style=\"color: #000000;\">Diese Homepage steht f\u00fcr eine aktive \u00d6ffentlichkeitsarbeit, der in unserer Mediengesellschaft mehr und mehr an Bedeutung zukommt. Lernen Sie uns n\u00e4her kennen &#8211; wir laden Sie recht herzlich ein &#8211; machen Sie sich ein Bild von Ihrem CSU-Ortsverband Oberschlei\u00dfheim.<\/span><\/p>\n<p style=\"text-align: justify;\"><span style=\"color: #000000;\">Viel Spa\u00df beim Surfen w\u00fcnschen Ihnen<\/span><\/p>\n<p style=\"text-align: justify;\"><span style=\"color: #000000;\">Markus B\u00f6ck<\/span><br \/><span style=\"color: #000000;\"> 1. Vorsitzender CSU-Ortsverband Oberschlei\u00dfheim und Erster B\u00fcrgermeister<\/span><\/p>\n<p>Stefanie Haselbeck<br \/>stellv. Vorsitzende und Fraktionsvorsitzende<\/p>","protected":false},"excerpt":{"rendered":"<p>Herzlich Willkommen bei der CSU Oberschlei\u00dfheim Sch\u00f6n, dass Sie bei uns vorbeischauen! Wir geben Ihnen an dieser Stelle einen kleinen Einblick in unsere Arbeit und die verschiedenen Aufgaben des CSU-Ortsverbandes Oberschlei\u00dfheim. Sie erfahren hier, wie wir organisiert sind, welche Ziele wir verfolgen und nat\u00fcrlich auch Berichte \u00fcber Versammlungen, Aktionen, Veranstaltungen uvm. Diese Homepage steht f\u00fcr &hellip; <\/p>\n<p><a class=\"more-link btn\" href=\"https:\/\/csu-oberschleissheim.com\/OV\/uber-uns\/\">Weiterlesen<\/a><\/p>\n","protected":false},"author":5,"featured_media":0,"parent":0,"menu_order":0,"comment_status":"closed","ping_status":"closed","template":"","meta":{"_exactmetrics_skip_tracking":false,"_exactmetrics_sitenote_active":false,"_exactmetrics_sitenote_note":"","_exactmetrics_sitenote_category":0,"footnotes":""},"class_list":["post-25","page","type-page","status-publish","hentry","nodate","item-wrap"],"_links":{"self":[{"href":"https:\/\/csu-oberschleissheim.com\/OV\/wp-json\/wp\/v2\/pages\/25","targetHints":{"allow":["GET"]}}],"collection":[{"href":"https:\/\/csu-oberschleissheim.com\/OV\/wp-json\/wp\/v2\/pages"}],"about":[{"href":"https:\/\/csu-oberschleissheim.com\/OV\/wp-json\/wp\/v2\/types\/page"}],"author":[{"embeddable":true,"href":"https:\/\/csu-oberschleissheim.com\/OV\/wp-json\/wp\/v2\/users\/5"}],"replies":[{"embeddable":true,"href":"https:\/\/csu-oberschleissheim.com\/OV\/wp-json\/wp\/v2\/comments?post=25"}],"version-history":[{"count":9,"href":"https:\/\/csu-oberschleissheim.com\/OV\/wp-json\/wp\/v2\/pages\/25\/revisions"}],"predecessor-version":[{"id":1171,"href":"https:\/\/csu-oberschleissheim.com\/OV\/wp-json\/wp\/v2\/pages\/25\/revisions\/1171"}],"wp:attachment":[{"href":"https:\/\/csu-oberschleissheim.com\/OV\/wp-json\/wp\/v2\/media?parent=25"}],"curies":[{"name":"wp","href":"https:\/\/api.w.org\/{rel}","templated":true}]}}